{"id":1448,"date":"2026-01-10T14:34:28","date_gmt":"2026-01-10T14:34:28","guid":{"rendered":"https:\/\/diluma.be\/home\/"},"modified":"2026-01-11T12:47:36","modified_gmt":"2026-01-11T12:47:36","slug":"home","status":"publish","type":"page","link":"https:\/\/diluma.be\/fr\/","title":{"rendered":"Accueil"},"content":{"rendered":"<div data-elementor-type=\"wp-page\" data-elementor-id=\"1448\" class=\"elementor elementor-1448\">\n\t\t\t\t<div class=\"elementor-element elementor-element-9783628 e-flex e-con-boxed e-con e-parent\" data-id=\"9783628\" data-element_type=\"container\" data-settings=\"{&quot;background_background&quot;:&quot;classic&quot;}\">\n\t\t\t\t\t<div class=\"e-con-inner\">\n\t\t<div class=\"elementor-element elementor-element-05ba369 e-con-full e-flex e-con e-child\" data-id=\"05ba369\" data-element_type=\"container\">\n\t\t\t\t<div class=\"elementor-element elementor-element-5117318 elementor-widget elementor-widget-spacer\" data-id=\"5117318\" data-element_type=\"widget\" data-widget_type=\"spacer.default\">\n\t\t\t\t<div class=\"elementor-widget-container\">\n\t\t\t\t\t\t\t<div class=\"elementor-spacer\">\n\t\t\t<div class=\"elementor-spacer-inner\"><\/div>\n\t\t<\/div>\n\t\t\t\t\t\t<\/div>\n\t\t\t\t<\/div>\n\t\t\t\t<\/div>\n\t\t\t\t\t<\/div>\n\t\t\t\t<\/div>\n\t\t<div class=\"elementor-element elementor-element-dc4d543 e-flex e-con-boxed e-con e-parent\" data-id=\"dc4d543\" data-element_type=\"container\">\n\t\t\t\t\t<div class=\"e-con-inner\">\n\t\t<div class=\"elementor-element elementor-element-37f0b92 e-con-full e-flex e-con e-child\" data-id=\"37f0b92\" data-element_type=\"container\">\n\t\t\t\t<div class=\"elementor-element elementor-element-b82a2ca elementor-widget elementor-widget-image\" data-id=\"b82a2ca\" data-element_type=\"widget\" data-widget_type=\"image.default\">\n\t\t\t\t<div class=\"elementor-widget-container\">\n\t\t\t\t\t\t\t\t\t\t\t\t\t\t\t<img fetchpriority=\"high\" decoding=\"async\" width=\"736\" height=\"1073\" src=\"https:\/\/diluma.be\/wp-content\/uploads\/2026\/01\/apple-lover\ud83e\udef6\ud83c\udffd-e1768073595118.jpg\" class=\"attachment-full size-full wp-image-2323\" alt=\"\" srcset=\"https:\/\/diluma.be\/wp-content\/uploads\/2026\/01\/apple-lover\ud83e\udef6\ud83c\udffd-e1768073595118.jpg 736w, https:\/\/diluma.be\/wp-content\/uploads\/2026\/01\/apple-lover\ud83e\udef6\ud83c\udffd-e1768073595118-206x300.jpg 206w, https:\/\/diluma.be\/wp-content\/uploads\/2026\/01\/apple-lover\ud83e\udef6\ud83c\udffd-e1768073595118-702x1024.jpg 702w\" sizes=\"(max-width: 736px) 100vw, 736px\" \/>\t\t\t\t\t\t\t\t\t\t\t\t\t\t\t<\/div>\n\t\t\t\t<\/div>\n\t\t\t\t<div class=\"elementor-element elementor-element-7d03874 elementor-widget elementor-widget-hfe-infocard\" data-id=\"7d03874\" data-element_type=\"widget\" data-widget_type=\"hfe-infocard.default\">\n\t\t\t\t<div class=\"elementor-widget-container\">\n\t\t\t\t\t\n\t\t<div class=\"hfe-infocard\">\n\t\t\t\t\t\t\t\t\t<div class=\"hfe-infocard-title-wrap\">\n\t\t\t\t<h4 class=\"hfe-infocard-title elementor-inline-editing\" data-elementor-setting-key=\"infocard_title\" data-elementor-inline-editing-toolbar=\"basic\" >Smartphones - Tablettes - Smartwatches<\/h4>\t\t\t<\/div>\n\t\t\t\t\t\t<div class=\"hfe-infocard-text-wrap\">\n\t\t\t\t<div class=\"hfe-infocard-text elementor-inline-editing\" data-elementor-setting-key=\"infocard_description\" data-elementor-inline-editing-toolbar=\"advanced\">\n\t\t\t\t\t<p>Au <strong data-start=\"284\" data-end=\"303\">DiLuMa Technics<\/strong> \u00e0 laquelle vous pouvez vous adresser pour obtenir des r\u00e9parations <strong data-start=\"342\" data-end=\"382\">smartphones, tablettes et smartwatches<\/strong> des deux <strong data-start=\"393\" data-end=\"430\">Apple (iPhone, iPad, Apple Watch)<\/strong> comme <strong data-start=\"435\" data-end=\"453\">Marques Android<\/strong> (Samsung, Huawei, Xiaomi, ...).<br data-start=\"483\" data-end=\"486\">Entre autres, nous transportons <strong data-start=\"510\" data-end=\"532\">remplacement des \u00e9crans<\/strong>, <strong data-start=\"534\" data-end=\"558\">remplacement des batteries<\/strong>,<\/p><p>et d'autres r\u00e9parations techniques.<br data-start=\"636\" data-end=\"639\">Votre appareil sera r\u00e9par\u00e9 avec soin et avec des pi\u00e8ces de qualit\u00e9, afin que vous puissiez le remettre en marche rapidement et sans souci.<\/p>\t\t\t\t<\/div>\n\t\t\t\t\t\t\t<\/div>\n\t\t<\/div>\n\n\t\t\t\t\t\t<\/div>\n\t\t\t\t<\/div>\n\t\t\t\t<\/div>\n\t\t<div class=\"elementor-element elementor-element-781bb8f e-con-full e-flex e-con e-child\" data-id=\"781bb8f\" data-element_type=\"container\">\n\t\t\t\t<div class=\"elementor-element elementor-element-f9ec8cb elementor-widget elementor-widget-image\" data-id=\"f9ec8cb\" data-element_type=\"widget\" data-widget_type=\"image.default\">\n\t\t\t\t<div class=\"elementor-widget-container\">\n\t\t\t\t\t\t\t\t\t\t\t\t\t\t\t<img decoding=\"async\" width=\"735\" height=\"824\" src=\"https:\/\/diluma.be\/wp-content\/uploads\/2026\/01\/Asus-laptop0.jpg\" class=\"attachment-full size-full wp-image-2324\" alt=\"\" srcset=\"https:\/\/diluma.be\/wp-content\/uploads\/2026\/01\/Asus-laptop0.jpg 735w, https:\/\/diluma.be\/wp-content\/uploads\/2026\/01\/Asus-laptop0-268x300.jpg 268w\" sizes=\"(max-width: 735px) 100vw, 735px\" \/>\t\t\t\t\t\t\t\t\t\t\t\t\t\t\t<\/div>\n\t\t\t\t<\/div>\n\t\t\t\t<div class=\"elementor-element elementor-element-f1efdb7 elementor-widget elementor-widget-hfe-infocard\" data-id=\"f1efdb7\" data-element_type=\"widget\" data-widget_type=\"hfe-infocard.default\">\n\t\t\t\t<div class=\"elementor-widget-container\">\n\t\t\t\t\t\n\t\t<div class=\"hfe-infocard\">\n\t\t\t\t\t\t\t\t\t<div class=\"hfe-infocard-title-wrap\">\n\t\t\t\t<h4 class=\"hfe-infocard-title elementor-inline-editing\" data-elementor-setting-key=\"infocard_title\" data-elementor-inline-editing-toolbar=\"basic\" >Ordinateurs - Ordinateurs portables<\/h4>\t\t\t<\/div>\n\t\t\t\t\t\t<div class=\"hfe-infocard-text-wrap\">\n\t\t\t\t<div class=\"hfe-infocard-text elementor-inline-editing\" data-elementor-setting-key=\"infocard_description\" data-elementor-inline-editing-toolbar=\"advanced\">\n\t\t\t\t\t<p>Est-ce que votre <strong data-start=\"790\" data-end=\"812\">ordinateur ou portable<\/strong> probl\u00e8mes, fonctionne-t-il lentement ou ne d\u00e9marre-t-il plus ? A <strong data-start=\"871\" data-end=\"890\">DiLuMa Technics<\/strong> nous sommes heureux de vous aider.<br data-start=\"916\" data-end=\"919\">\nNous d\u00e9chargeons les deux <strong data-start=\"936\" data-end=\"971\">les probl\u00e8mes de logiciel et de mat\u00e9riel<\/strong> et aussi de r\u00e9aliser <strong data-start=\"989\" data-end=\"1001\">Am\u00e9liorations<\/strong> comme de la m\u00e9moire suppl\u00e9mentaire (RAM), des disques SSD ou des optimisations du syst\u00e8me.<br data-start=\"1072\" data-end=\"1075\">\nQu'il s'agisse d'une r\u00e9paration, d'un entretien ou d'une am\u00e9lioration des performances, nous ferons en sorte que votre appareil fonctionne \u00e0 nouveau de mani\u00e8re fiable et sans heurts.<\/p>\t\t\t\t<\/div>\n\t\t\t\t\t\t\t<\/div>\n\t\t<\/div>\n\n\t\t\t\t\t\t<\/div>\n\t\t\t\t<\/div>\n\t\t\t\t<\/div>\n\t\t<div class=\"elementor-element elementor-element-bd4315a e-con-full e-flex e-con e-child\" data-id=\"bd4315a\" data-element_type=\"container\">\n\t\t\t\t<div class=\"elementor-element elementor-element-e34e69c elementor-widget elementor-widget-image\" data-id=\"e34e69c\" data-element_type=\"widget\" data-widget_type=\"image.default\">\n\t\t\t\t<div class=\"elementor-widget-container\">\n\t\t\t\t\t\t\t\t\t\t\t\t\t\t\t<img decoding=\"async\" width=\"736\" height=\"981\" src=\"https:\/\/diluma.be\/wp-content\/uploads\/2026\/01\/controllers.jpg\" class=\"attachment-full size-full wp-image-2325\" alt=\"\" srcset=\"https:\/\/diluma.be\/wp-content\/uploads\/2026\/01\/controllers.jpg 736w, https:\/\/diluma.be\/wp-content\/uploads\/2026\/01\/controllers-225x300.jpg 225w\" sizes=\"(max-width: 736px) 100vw, 736px\" \/>\t\t\t\t\t\t\t\t\t\t\t\t\t\t\t<\/div>\n\t\t\t\t<\/div>\n\t\t\t\t<div class=\"elementor-element elementor-element-0a5dc9e elementor-widget elementor-widget-hfe-infocard\" data-id=\"0a5dc9e\" data-element_type=\"widget\" data-widget_type=\"hfe-infocard.default\">\n\t\t\t\t<div class=\"elementor-widget-container\">\n\t\t\t\t\t\n\t\t<div class=\"hfe-infocard\">\n\t\t\t\t\t\t\t\t\t<div class=\"hfe-infocard-title-wrap\">\n\t\t\t\t<h4 class=\"hfe-infocard-title elementor-inline-editing\" data-elementor-setting-key=\"infocard_title\" data-elementor-inline-editing-toolbar=\"basic\" >Consoles de jeux<\/h4>\t\t\t<\/div>\n\t\t\t\t\t\t<div class=\"hfe-infocard-text-wrap\">\n\t\t\t\t<div class=\"hfe-infocard-text elementor-inline-editing\" data-elementor-setting-key=\"infocard_description\" data-elementor-inline-editing-toolbar=\"advanced\">\n\t\t\t\t\t<p>Vous rencontrez des probl\u00e8mes avec votre <strong data-start=\"1265\" data-end=\"1298\">PlayStation, Xbox ou Nintendo<\/strong>? Vous \u00eates aussi \u00e0 <strong data-start=\"1333\" data-end=\"1352\">DiLuMa Technics<\/strong> au bon endroit.<br data-start=\"1374\" data-end=\"1377\">\nLes r\u00e9parations les plus courantes sont les suivantes <strong data-start=\"1425\" data-end=\"1451\">d\u00e9rive du manche de la manette<\/strong>, des consoles qui <strong data-start=\"1466\" data-end=\"1494\">les disques ne sont plus lus<\/strong>, Les appareils ne d\u00e9marrent plus ou sont en surchauffe.<br data-start=\"1549\" data-end=\"1552\">\nNous analysons le probl\u00e8me en profondeur et cherchons toujours une solution. <strong data-start=\"1614\" data-end=\"1650\">une solution durable et abordable<\/strong>, pour que vous puissiez rapidement reprendre vos jeux en toute s\u00e9r\u00e9nit\u00e9.<\/p>\t\t\t\t<\/div>\n\t\t\t\t\t\t\t<\/div>\n\t\t<\/div>\n\n\t\t\t\t\t\t<\/div>\n\t\t\t\t<\/div>\n\t\t\t\t<\/div>\n\t\t\t\t\t<\/div>\n\t\t\t\t<\/div>\n\t\t<div class=\"elementor-element elementor-element-79c45e3 e-flex e-con-boxed e-con e-parent\" data-id=\"79c45e3\" data-element_type=\"container\">\n\t\t\t\t\t<div class=\"e-con-inner\">\n\t\t<div class=\"elementor-element elementor-element-e5856a5 e-con-full e-flex e-con e-child\" data-id=\"e5856a5\" data-element_type=\"container\">\n\t\t\t\t<div class=\"elementor-element elementor-element-b51a198 elementor-widget elementor-widget-hfe-infocard\" data-id=\"b51a198\" data-element_type=\"widget\" data-widget_type=\"hfe-infocard.default\">\n\t\t\t\t<div class=\"elementor-widget-container\">\n\t\t\t\t\t\n\t\t<div class=\"hfe-infocard\">\n\t\t\t\t\t\t\t\t\t<div class=\"hfe-infocard-title-wrap\">\n\t\t\t\t<h3 class=\"hfe-infocard-title elementor-inline-editing\" data-elementor-setting-key=\"infocard_title\" data-elementor-inline-editing-toolbar=\"basic\" >\u00c0 propos de DiLuMa<\/h3>\t\t\t<\/div>\n\t\t\t\t\t\t<div class=\"hfe-infocard-text-wrap\">\n\t\t\t\t<div class=\"hfe-infocard-text elementor-inline-editing\" data-elementor-setting-key=\"infocard_description\" data-elementor-inline-editing-toolbar=\"advanced\">\n\t\t\t\t\t<p><strong data-start=\"206\" data-end=\"225\">DiLuMa Technics<\/strong> est un <strong data-start=\"233\" data-end=\"275\">service de r\u00e9paration local dans la r\u00e9gion d'Ostende<\/strong> pour <strong data-start=\"281\" data-end=\"341\">smartphones, tablettes, ordinateurs, ordinateurs portables et consoles de jeux<\/strong>. Nous fournissons <strong data-start=\"357\" data-end=\"436\">r\u00e9paration des \u00e9crans, remplacement des batteries, mise \u00e0 niveau et r\u00e9paration des consoles<\/strong> avec une approche personnelle, honn\u00eate et professionnelle. La rapidit\u00e9 du service, la clart\u00e9 de la communication et la fiabilit\u00e9 sont les ma\u00eetres mots.<\/p>\n<p>En r\u00e9parant les appareils \u00e9lectroniques plut\u00f4t qu'en les rempla\u00e7ant, elle contribue \u00e0 <strong data-start=\"760\" data-end=\"797\">DiLuMa Technics<\/strong>&nbsp;contribuer activement \u00e0 <strong data-start=\"813\" data-end=\"897\">la durabilit\u00e9, la r\u00e9duction des d\u00e9chets \u00e9lectroniques et l'allongement de la dur\u00e9e de vie de votre appareil<\/strong>.<\/p>\n<p>Vous \u00eates \u00e0 la recherche d'un <strong data-start=\"1159\" data-end=\"1220\">r\u00e9parateur fiable de smartphones, consoles de jeux ou ordinateurs \u00e0 Ostende<\/strong>? Vous \u00eates au bon endroit chez DiLuMa Technics.<\/p>\t\t\t\t<\/div>\n\t\t\t\t\t\t\t<\/div>\n\t\t<\/div>\n\n\t\t\t\t\t\t<\/div>\n\t\t\t\t<\/div>\n\t\t\t\t<\/div>\n\t\t<div class=\"elementor-element elementor-element-52da0ea e-con-full e-flex e-con e-child\" data-id=\"52da0ea\" data-element_type=\"container\">\n\t\t\t\t<div class=\"elementor-element elementor-element-5ee262f elementor-widget elementor-widget-image\" data-id=\"5ee262f\" data-element_type=\"widget\" data-widget_type=\"image.default\">\n\t\t\t\t<div class=\"elementor-widget-container\">\n\t\t\t\t\t\t\t\t\t\t\t\t\t\t\t<img loading=\"lazy\" decoding=\"async\" width=\"1024\" height=\"768\" src=\"https:\/\/diluma.be\/wp-content\/uploads\/2026\/01\/540211452_1432842842177678_59934616227356786_n-1024x768.jpg\" class=\"attachment-large size-large wp-image-2326\" alt=\"\" srcset=\"https:\/\/diluma.be\/wp-content\/uploads\/2026\/01\/540211452_1432842842177678_59934616227356786_n-1024x768.jpg 1024w, https:\/\/diluma.be\/wp-content\/uploads\/2026\/01\/540211452_1432842842177678_59934616227356786_n-300x225.jpg 300w, https:\/\/diluma.be\/wp-content\/uploads\/2026\/01\/540211452_1432842842177678_59934616227356786_n-768x576.jpg 768w, https:\/\/diluma.be\/wp-content\/uploads\/2026\/01\/540211452_1432842842177678_59934616227356786_n-1536x1152.jpg 1536w, https:\/\/diluma.be\/wp-content\/uploads\/2026\/01\/540211452_1432842842177678_59934616227356786_n.jpg 2048w\" sizes=\"(max-width: 1024px) 100vw, 1024px\" \/>\t\t\t\t\t\t\t\t\t\t\t\t\t\t\t<\/div>\n\t\t\t\t<\/div>\n\t\t\t\t<\/div>\n\t\t\t\t\t<\/div>\n\t\t\t\t<\/div>\n\t\t<div class=\"elementor-element elementor-element-7a7b871 e-flex e-con-boxed e-con e-parent\" data-id=\"7a7b871\" data-element_type=\"container\" data-settings=\"{&quot;background_background&quot;:&quot;classic&quot;}\">\n\t\t\t\t\t<div class=\"e-con-inner\">\n\t\t<div class=\"elementor-element elementor-element-e29a3fa e-con-full e-flex e-con e-child\" data-id=\"e29a3fa\" data-element_type=\"container\">\n\t\t\t\t<div class=\"elementor-element elementor-element-f180ac4 elementor-widget elementor-widget-hfe-infocard\" data-id=\"f180ac4\" data-element_type=\"widget\" data-widget_type=\"hfe-infocard.default\">\n\t\t\t\t<div class=\"elementor-widget-container\">\n\t\t\t\t\t\n\t\t<div class=\"hfe-infocard\">\n\t\t\t\t\t\t\t\t\t<div class=\"hfe-infocard-title-wrap\">\n\t\t\t\t<h2 class=\"hfe-infocard-title elementor-inline-editing\" data-elementor-setting-key=\"infocard_title\" data-elementor-inline-editing-toolbar=\"basic\" >Parlez-nous<\/h2>\t\t\t<\/div>\n\t\t\t\t\t\t<div class=\"hfe-infocard-text-wrap\">\n\t\t\t\t<div class=\"hfe-infocard-text elementor-inline-editing\" data-elementor-setting-key=\"infocard_description\" data-elementor-inline-editing-toolbar=\"advanced\">\n\t\t\t\t\t<p>Vous avez une question concernant une r\u00e9paration ou vous vous demandez si votre appareil est r\u00e9cup\u00e9rable ?<br data-start=\"310\" data-end=\"313\">\n<strong data-start=\"313\" data-end=\"331\">Parlez-nous !<\/strong> Nous sommes heureux de vous aider en vous donnant des conseils honn\u00eates et une r\u00e9ponse rapide.<br data-start=\"399\" data-end=\"402\">\nContact <strong data-start=\"413\" data-end=\"450\">DiLuMa Technics dans la r\u00e9gion d'Ostende<\/strong> par e-mail ou sur Facebook.<\/p>\t\t\t\t<\/div>\n\t\t\t\t\t\t\t<\/div>\n\t\t<\/div>\n\n\t\t\t\t\t\t<\/div>\n\t\t\t\t<\/div>\n\t\t\t\t<div class=\"elementor-element elementor-element-491d02f elementor-align-center elementor-widget elementor-widget-button\" data-id=\"491d02f\" data-element_type=\"widget\" data-widget_type=\"button.default\">\n\t\t\t\t<div class=\"elementor-widget-container\">\n\t\t\t\t\t\t\t\t\t<div class=\"elementor-button-wrapper\">\n\t\t\t\t\t<a class=\"elementor-button elementor-button-link elementor-size-sm\" href=\"https:\/\/diluma.be\/fr\/contact\/\" target=\"_blank\">\n\t\t\t\t\t\t<span class=\"elementor-button-content-wrapper\">\n\t\t\t\t\t\t\t\t\t<span class=\"elementor-button-text\">Prendre contact<\/span>\n\t\t\t\t\t<\/span>\n\t\t\t\t\t<\/a>\n\t\t\t\t<\/div>\n\t\t\t\t\t\t\t\t<\/div>\n\t\t\t\t<\/div>\n\t\t\t\t<\/div>\n\t\t\t\t\t<\/div>\n\t\t\t\t<\/div>\n\t\t\t\t<\/div>","protected":false},"excerpt":{"rendered":"<p>Smartphones &#8211; Tablets &#8211; Smartwatches Bij DiLuMa Technics kan u terecht voor het herstellen van smartphones, tablets en smartwatches van zowel Apple (iPhone, iPad, Apple Watch) als Android-merken (Samsung, Huawei, Xiaomi, \u2026).Wij voeren onder andere schermvervangingen, batterijvervangingen, en andere technische reparaties uit.Uw toestel wordt met zorg en kwaliteitsonderdelen hersteld, zodat u snel opnieuw verder kan [&hellip;]<\/p>","protected":false},"author":1,"featured_media":0,"parent":0,"menu_order":0,"comment_status":"closed","ping_status":"closed","template":"","meta":{"site-sidebar-layout":"no-sidebar","site-content-layout":"page-builder","ast-site-content-layout":"full-width-container","site-content-style":"unboxed","site-sidebar-style":"unboxed","ast-global-header-display":"","ast-banner-title-visibility":"","ast-main-header-display":"","ast-hfb-above-header-display":"","ast-hfb-below-header-display":"","ast-hfb-mobile-header-display":"","site-post-title":"disabled","ast-breadcrumbs-content":"","ast-featured-img":"disabled","footer-sml-layout":"","ast-disable-related-posts":"","theme-transparent-header-meta":"enabled","adv-header-id-meta":"","stick-header-meta":"","header-above-stick-meta":"","header-main-stick-meta":"","header-below-stick-meta":"","astra-migrate-meta-layouts":"set","ast-page-background-enabled":"default","ast-page-background-meta":{"desktop":{"background-color":"var(--ast-global-color-4)","background-image":"","background-repeat":"repeat","background-position":"center center","background-size":"auto","background-attachment":"scroll","background-type":"","background-media":"","overlay-type":"","overlay-color":"","overlay-opacity":"","overlay-gradient":""},"tablet":{"background-color":"","background-image":"","background-repeat":"repeat","background-position":"center center","background-size":"auto","background-attachment":"scroll","background-type":"","background-media":"","overlay-type":"","overlay-color":"","overlay-opacity":"","overlay-gradient":""},"mobile":{"background-color":"","background-image":"","background-repeat":"repeat","background-position":"center center","background-size":"auto","background-attachment":"scroll","background-type":"","background-media":"","overlay-type":"","overlay-color":"","overlay-opacity":"","overlay-gradient":""}},"ast-content-background-meta":{"desktop":{"background-color":"var(--ast-global-color-5)","background-image":"","background-repeat":"repeat","background-position":"center center","background-size":"auto","background-attachment":"scroll","background-type":"","background-media":"","overlay-type":"","overlay-color":"","overlay-opacity":"","overlay-gradient":""},"tablet":{"background-color":"var(--ast-global-color-5)","background-image":"","background-repeat":"repeat","background-position":"center center","background-size":"auto","background-attachment":"scroll","background-type":"","background-media":"","overlay-type":"","overlay-color":"","overlay-opacity":"","overlay-gradient":""},"mobile":{"background-color":"var(--ast-global-color-5)","background-image":"","background-repeat":"repeat","background-position":"center center","background-size":"auto","background-attachment":"scroll","background-type":"","background-media":"","overlay-type":"","overlay-color":"","overlay-opacity":"","overlay-gradient":""}},"footnotes":""},"class_list":["post-1448","page","type-page","status-publish","hentry"],"_links":{"self":[{"href":"https:\/\/diluma.be\/fr\/wp-json\/wp\/v2\/pages\/1448","targetHints":{"allow":["GET"]}}],"collection":[{"href":"https:\/\/diluma.be\/fr\/wp-json\/wp\/v2\/pages"}],"about":[{"href":"https:\/\/diluma.be\/fr\/wp-json\/wp\/v2\/types\/page"}],"author":[{"embeddable":true,"href":"https:\/\/diluma.be\/fr\/wp-json\/wp\/v2\/users\/1"}],"replies":[{"embeddable":true,"href":"https:\/\/diluma.be\/fr\/wp-json\/wp\/v2\/comments?post=1448"}],"version-history":[{"count":60,"href":"https:\/\/diluma.be\/fr\/wp-json\/wp\/v2\/pages\/1448\/revisions"}],"predecessor-version":[{"id":2506,"href":"https:\/\/diluma.be\/fr\/wp-json\/wp\/v2\/pages\/1448\/revisions\/2506"}],"wp:attachment":[{"href":"https:\/\/diluma.be\/fr\/wp-json\/wp\/v2\/media?parent=1448"}],"curies":[{"name":"wp","href":"https:\/\/api.w.org\/{rel}","templated":true}]}}