{"id":2317,"date":"2026-01-10T14:34:28","date_gmt":"2026-01-10T14:34:28","guid":{"rendered":"https:\/\/diluma.be\/services\/"},"modified":"2026-01-11T12:47:56","modified_gmt":"2026-01-11T12:47:56","slug":"services","status":"publish","type":"page","link":"https:\/\/diluma.be\/fr\/services\/","title":{"rendered":"Services"},"content":{"rendered":"<div data-elementor-type=\"wp-page\" data-elementor-id=\"2317\" class=\"elementor elementor-2317\">\n\t\t\t\t<div class=\"elementor-element elementor-element-ed5342b e-flex e-con-boxed e-con e-parent\" data-id=\"ed5342b\" data-element_type=\"container\" data-settings=\"{&quot;background_background&quot;:&quot;classic&quot;}\">\n\t\t\t\t\t<div class=\"e-con-inner\">\n\t\t<div class=\"elementor-element elementor-element-0c73a23 e-con-full e-flex e-con e-child\" data-id=\"0c73a23\" data-element_type=\"container\">\n\t\t\t\t<div class=\"elementor-element elementor-element-e3ee3a0 elementor-widget elementor-widget-heading\" data-id=\"e3ee3a0\" data-element_type=\"widget\" data-widget_type=\"heading.default\">\n\t\t\t\t<div class=\"elementor-widget-container\">\n\t\t\t\t\t<h1 class=\"elementor-heading-title elementor-size-default\">Services<\/h1>\t\t\t\t<\/div>\n\t\t\t\t<\/div>\n\t\t\t\t<\/div>\n\t\t\t\t\t<\/div>\n\t\t\t\t<\/div>\n\t\t<div class=\"elementor-element elementor-element-b069d22 e-flex e-con-boxed e-con e-parent\" data-id=\"b069d22\" data-element_type=\"container\">\n\t\t\t\t\t<div class=\"e-con-inner\">\n\t\t<div class=\"elementor-element elementor-element-56a4564 e-con-full e-flex e-con e-child\" data-id=\"56a4564\" data-element_type=\"container\">\n\t\t\t\t<div class=\"elementor-element elementor-element-f08356f elementor-widget elementor-widget-hfe-infocard\" data-id=\"f08356f\" data-element_type=\"widget\" data-widget_type=\"hfe-infocard.default\">\n\t\t\t\t<div class=\"elementor-widget-container\">\n\t\t\t\t\t\n\t\t<div class=\"hfe-infocard\">\n\t\t\t\t\t\t\t\t\t<div class=\"hfe-infocard-title-wrap\">\n\t\t\t\t<h3 class=\"hfe-infocard-title elementor-inline-editing\" data-elementor-setting-key=\"infocard_title\" data-elementor-inline-editing-toolbar=\"basic\" >Smart Toestellen<\/h3>\t\t\t<\/div>\n\t\t\t\t\t\t<div class=\"hfe-infocard-text-wrap\">\n\t\t\t\t<div class=\"hfe-infocard-text elementor-inline-editing\" data-elementor-setting-key=\"infocard_description\" data-elementor-inline-editing-toolbar=\"advanced\">\n\t\t\t\t\t<h2 data-start=\"221\" data-end=\"247\"><br><\/h2>\n<p data-start=\"248\" data-end=\"287\"><strong data-start=\"248\" data-end=\"287\">Smartphones, Tablets &amp; Smartwatches<\/strong><\/p>\n<p data-start=\"289\" data-end=\"588\">Au <strong data-start=\"293\" data-end=\"312\">DiLuMa Technics<\/strong> \u00e0 laquelle vous pouvez vous adresser pour obtenir des r\u00e9parations <strong data-start=\"351\" data-end=\"391\">smartphones, tablettes et smartwatches<\/strong> van onder andere <strong data-start=\"409\" data-end=\"449\">Apple, Samsung en Android-toestellen<\/strong>. Wij voeren <strong data-start=\"462\" data-end=\"485\">schermherstellingen<\/strong>, <strong data-start=\"487\" data-end=\"511\">remplacement des batteries<\/strong>, <strong data-start=\"513\" data-end=\"530\">laadproblemen<\/strong>, <strong data-start=\"532\" data-end=\"557\">softwareherstellingen<\/strong> en <strong data-start=\"561\" data-end=\"583\">algemene diagnoses<\/strong> uit.<\/p>\n<p><\/p>\n<p data-start=\"590\" data-end=\"874\">Of het nu gaat om een gebarsten scherm, een toestel dat niet meer oplaadt of een smartwatch die niet correct werkt: wij zoeken steeds naar een <strong data-start=\"733\" data-end=\"780\">snelle, betrouwbare en betaalbare oplossing<\/strong>. Als <strong data-start=\"786\" data-end=\"825\">lokale hersteller in regio Oostende<\/strong> behandelen wij elk toestel met de grootste zorg.<\/p>\t\t\t\t<\/div>\n\t\t\t\t\t\t\t<\/div>\n\t\t<\/div>\n\n\t\t\t\t\t\t<\/div>\n\t\t\t\t<\/div>\n\t\t\t\t<\/div>\n\t\t<div class=\"elementor-element elementor-element-dffccf7 e-con-full e-flex e-con e-child\" data-id=\"dffccf7\" data-element_type=\"container\">\n\t\t\t\t<div class=\"elementor-element elementor-element-a48b651 elementor-widget elementor-widget-image\" data-id=\"a48b651\" data-element_type=\"widget\" data-widget_type=\"image.default\">\n\t\t\t\t<div class=\"elementor-widget-container\">\n\t\t\t\t\t\t\t\t\t\t\t\t<figure class=\"wp-caption\">\n\t\t\t\t\t\t\t\t\t\t<img fetchpriority=\"high\" decoding=\"async\" width=\"1024\" height=\"744\" src=\"https:\/\/diluma.be\/wp-content\/uploads\/2026\/01\/565642332_1482824773846151_3204232783871820728_n-e1768126663206-1024x744.webp\" class=\"attachment-large size-large wp-image-2404\" alt=\"\" srcset=\"https:\/\/diluma.be\/wp-content\/uploads\/2026\/01\/565642332_1482824773846151_3204232783871820728_n-e1768126663206-1024x744.webp 1024w, https:\/\/diluma.be\/wp-content\/uploads\/2026\/01\/565642332_1482824773846151_3204232783871820728_n-e1768126663206-300x218.webp 300w, https:\/\/diluma.be\/wp-content\/uploads\/2026\/01\/565642332_1482824773846151_3204232783871820728_n-e1768126663206-768x558.webp 768w, https:\/\/diluma.be\/wp-content\/uploads\/2026\/01\/565642332_1482824773846151_3204232783871820728_n-e1768126663206-1536x1116.webp 1536w, https:\/\/diluma.be\/wp-content\/uploads\/2026\/01\/565642332_1482824773846151_3204232783871820728_n-e1768126663206.webp 1718w\" sizes=\"(max-width: 1024px) 100vw, 1024px\" \/>\t\t\t\t\t\t\t\t\t\t\t<figcaption class=\"widget-image-caption wp-caption-text\"><\/figcaption>\n\t\t\t\t\t\t\t\t\t\t<\/figure>\n\t\t\t\t\t\t\t\t\t<\/div>\n\t\t\t\t<\/div>\n\t\t\t\t<\/div>\n\t\t\t\t\t<\/div>\n\t\t\t\t<\/div>\n\t\t<div class=\"elementor-element elementor-element-4ea6c66 e-flex e-con-boxed e-con e-parent\" data-id=\"4ea6c66\" data-element_type=\"container\">\n\t\t\t\t\t<div class=\"e-con-inner\">\n\t\t<div class=\"elementor-element elementor-element-6880e43 e-con-full e-flex e-con e-child\" data-id=\"6880e43\" data-element_type=\"container\">\n\t\t\t\t<div class=\"elementor-element elementor-element-f51149a elementor-widget elementor-widget-image\" data-id=\"f51149a\" data-element_type=\"widget\" data-widget_type=\"image.default\">\n\t\t\t\t<div class=\"elementor-widget-container\">\n\t\t\t\t\t\t\t\t\t\t\t\t\t\t\t<img decoding=\"async\" width=\"1024\" height=\"768\" src=\"https:\/\/diluma.be\/wp-content\/uploads\/2026\/01\/548670751_1450215990440363_8300039212481955895_n-1024x768.webp\" class=\"attachment-large size-large wp-image-2405\" alt=\"\" srcset=\"https:\/\/diluma.be\/wp-content\/uploads\/2026\/01\/548670751_1450215990440363_8300039212481955895_n-1024x768.webp 1024w, https:\/\/diluma.be\/wp-content\/uploads\/2026\/01\/548670751_1450215990440363_8300039212481955895_n-300x225.webp 300w, https:\/\/diluma.be\/wp-content\/uploads\/2026\/01\/548670751_1450215990440363_8300039212481955895_n-768x576.webp 768w, https:\/\/diluma.be\/wp-content\/uploads\/2026\/01\/548670751_1450215990440363_8300039212481955895_n-1536x1152.webp 1536w, https:\/\/diluma.be\/wp-content\/uploads\/2026\/01\/548670751_1450215990440363_8300039212481955895_n.webp 1920w\" sizes=\"(max-width: 1024px) 100vw, 1024px\" \/>\t\t\t\t\t\t\t\t\t\t\t\t\t\t\t<\/div>\n\t\t\t\t<\/div>\n\t\t\t\t<\/div>\n\t\t<div class=\"elementor-element elementor-element-1d599f0 e-con-full e-flex e-con e-child\" data-id=\"1d599f0\" data-element_type=\"container\">\n\t\t\t\t<div class=\"elementor-element elementor-element-d6643db elementor-widget elementor-widget-hfe-infocard\" data-id=\"d6643db\" data-element_type=\"widget\" data-widget_type=\"hfe-infocard.default\">\n\t\t\t\t<div class=\"elementor-widget-container\">\n\t\t\t\t\t\n\t\t<div class=\"hfe-infocard\">\n\t\t\t\t\t\t\t\t\t<div class=\"hfe-infocard-title-wrap\">\n\t\t\t\t<h3 class=\"hfe-infocard-title elementor-inline-editing\" data-elementor-setting-key=\"infocard_title\" data-elementor-inline-editing-toolbar=\"basic\" >Computers en Laptops<\/h3>\t\t\t<\/div>\n\t\t\t\t\t\t<div class=\"hfe-infocard-text-wrap\">\n\t\t\t\t<div class=\"hfe-infocard-text elementor-inline-editing\" data-elementor-setting-key=\"infocard_description\" data-elementor-inline-editing-toolbar=\"advanced\">\n\t\t\t\t\t<p data-start=\"939\" data-end=\"1206\">Heeft u problemen met uw <strong data-start=\"964\" data-end=\"986\">ordinateur ou portable<\/strong>? DiLuMa Technics herstelt zowel <strong data-start=\"1019\" data-end=\"1051\">Windows-computers en laptops<\/strong> comme <strong data-start=\"1056\" data-end=\"1083\">Apple iMacs en MacBooks<\/strong>. Wij helpen bij <strong data-start=\"1100\" data-end=\"1118\">trage systemen<\/strong>, <strong data-start=\"1120\" data-end=\"1141\">softwareproblemen<\/strong>, <strong data-start=\"1143\" data-end=\"1163\">hardwaredefecten<\/strong>, <strong data-start=\"1165\" data-end=\"1188\">upgrades (SSD, RAM)<\/strong> en <strong data-start=\"1192\" data-end=\"1205\">onderhoud<\/strong>.<\/p><p>\n<\/p><p data-start=\"1208\" data-end=\"1423\">Ook voor het <strong data-start=\"1221\" data-end=\"1254\">nakijken van opstartproblemen<\/strong>, <strong data-start=\"1256\" data-end=\"1271\">data-advies<\/strong> of een algemene controle kan u bij ons terecht. Wij geven <strong data-start=\"1330\" data-end=\"1348\">eerlijk advies<\/strong> en zoeken steeds naar de meest duurzame oplossing, zonder onnodige kosten.<\/p>\t\t\t\t<\/div>\n\t\t\t\t\t\t\t<\/div>\n\t\t<\/div>\n\n\t\t\t\t\t\t<\/div>\n\t\t\t\t<\/div>\n\t\t\t\t<\/div>\n\t\t\t\t\t<\/div>\n\t\t\t\t<\/div>\n\t\t<div class=\"elementor-element elementor-element-6d214f7 e-flex e-con-boxed e-con e-parent\" data-id=\"6d214f7\" data-element_type=\"container\">\n\t\t\t\t\t<div class=\"e-con-inner\">\n\t\t<div class=\"elementor-element elementor-element-47189ec e-con-full e-flex e-con e-child\" data-id=\"47189ec\" data-element_type=\"container\">\n\t\t\t\t<div class=\"elementor-element elementor-element-fc5237a elementor-widget elementor-widget-hfe-infocard\" data-id=\"fc5237a\" data-element_type=\"widget\" data-widget_type=\"hfe-infocard.default\">\n\t\t\t\t<div class=\"elementor-widget-container\">\n\t\t\t\t\t\n\t\t<div class=\"hfe-infocard\">\n\t\t\t\t\t\t\t\t\t<div class=\"hfe-infocard-title-wrap\">\n\t\t\t\t<h3 class=\"hfe-infocard-title elementor-inline-editing\" data-elementor-setting-key=\"infocard_title\" data-elementor-inline-editing-toolbar=\"basic\" >Spelconsoles<\/h3>\t\t\t<\/div>\n\t\t\t\t\t\t<div class=\"hfe-infocard-text-wrap\">\n\t\t\t\t<div class=\"hfe-infocard-text elementor-inline-editing\" data-elementor-setting-key=\"infocard_description\" data-elementor-inline-editing-toolbar=\"advanced\">\n\t\t\t\t\t<p data-start=\"1454\" data-end=\"1474\"><strong data-start=\"1454\" data-end=\"1474\">Retro &amp; Next-Gen<\/strong><\/p><p data-start=\"1476\" data-end=\"1712\">Au <strong data-start=\"1480\" data-end=\"1517\">DiLuMa Technics dans la r\u00e9gion d'Ostende<\/strong> kan u uw <strong data-start=\"1527\" data-end=\"1572\">spelconsoles laten nakijken en herstellen<\/strong>, zowel <strong data-start=\"1580\" data-end=\"1598\">retro consoles<\/strong> comme <strong data-start=\"1603\" data-end=\"1624\">next-gen systemen<\/strong>. Wij behandelen onder andere <strong data-start=\"1654\" data-end=\"1685\">PlayStation, Xbox, Nintendo<\/strong> en bijhorende accessoires.<\/p><p>\n\n<\/p><p data-start=\"1714\" data-end=\"2002\">Veelvoorkomende problemen zoals <strong data-start=\"1746\" data-end=\"1771\">controller stickdrift<\/strong>, <strong data-start=\"1773\" data-end=\"1811\">consoles die geen games meer lezen<\/strong>, <strong data-start=\"1813\" data-end=\"1831\">oververhitting<\/strong> of <strong data-start=\"1835\" data-end=\"1855\">opstartproblemen<\/strong> worden zorgvuldig geanalyseerd. Wij streven ernaar om uw console opnieuw <strong data-start=\"1929\" data-end=\"1943\">speelklaar<\/strong> te maken, met respect voor het toestel en zijn levensduur.<\/p>\t\t\t\t<\/div>\n\t\t\t\t\t\t\t<\/div>\n\t\t<\/div>\n\n\t\t\t\t\t\t<\/div>\n\t\t\t\t<\/div>\n\t\t\t\t<\/div>\n\t\t<div class=\"elementor-element elementor-element-e0dacc0 e-con-full e-flex e-con e-child\" data-id=\"e0dacc0\" data-element_type=\"container\">\n\t\t\t\t<div class=\"elementor-element elementor-element-e56c3c6 elementor-widget elementor-widget-image\" data-id=\"e56c3c6\" data-element_type=\"widget\" data-widget_type=\"image.default\">\n\t\t\t\t<div class=\"elementor-widget-container\">\n\t\t\t\t\t\t\t\t\t\t\t\t\t\t\t<img decoding=\"async\" width=\"1024\" height=\"726\" src=\"https:\/\/diluma.be\/wp-content\/uploads\/2026\/01\/119904816_1320333361634810_5218754899554319518_n-e1768127079731-1024x726.webp\" class=\"attachment-large size-large wp-image-2409\" alt=\"\" srcset=\"https:\/\/diluma.be\/wp-content\/uploads\/2026\/01\/119904816_1320333361634810_5218754899554319518_n-e1768127079731-1024x726.webp 1024w, https:\/\/diluma.be\/wp-content\/uploads\/2026\/01\/119904816_1320333361634810_5218754899554319518_n-e1768127079731-300x213.webp 300w, https:\/\/diluma.be\/wp-content\/uploads\/2026\/01\/119904816_1320333361634810_5218754899554319518_n-e1768127079731-768x544.webp 768w, https:\/\/diluma.be\/wp-content\/uploads\/2026\/01\/119904816_1320333361634810_5218754899554319518_n-e1768127079731-1536x1088.webp 1536w, https:\/\/diluma.be\/wp-content\/uploads\/2026\/01\/119904816_1320333361634810_5218754899554319518_n-e1768127079731.webp 1712w\" sizes=\"(max-width: 1024px) 100vw, 1024px\" \/>\t\t\t\t\t\t\t\t\t\t\t\t\t\t\t<\/div>\n\t\t\t\t<\/div>\n\t\t\t\t<\/div>\n\t\t\t\t\t<\/div>\n\t\t\t\t<\/div>\n\t\t<div class=\"elementor-element elementor-element-a07a2b9 e-flex e-con-boxed e-con e-parent\" data-id=\"a07a2b9\" data-element_type=\"container\" data-settings=\"{&quot;background_background&quot;:&quot;classic&quot;}\">\n\t\t\t\t\t<div class=\"e-con-inner\">\n\t\t<div class=\"elementor-element elementor-element-db992c8 e-con-full e-flex e-con e-child\" data-id=\"db992c8\" data-element_type=\"container\">\n\t\t\t\t<div class=\"elementor-element elementor-element-298d3ac elementor-widget elementor-widget-hfe-infocard\" data-id=\"298d3ac\" data-element_type=\"widget\" data-widget_type=\"hfe-infocard.default\">\n\t\t\t\t<div class=\"elementor-widget-container\">\n\t\t\t\t\t\n\t\t<div class=\"hfe-infocard\">\n\t\t\t\t\t\t\t\t\t<div class=\"hfe-infocard-title-wrap\">\n\t\t\t\t<h2 class=\"hfe-infocard-title elementor-inline-editing\" data-elementor-setting-key=\"infocard_title\" data-elementor-inline-editing-toolbar=\"basic\" >Parlez-nous<\/h2>\t\t\t<\/div>\n\t\t\t\t\t\t<div class=\"hfe-infocard-text-wrap\">\n\t\t\t\t<div class=\"hfe-infocard-text elementor-inline-editing\" data-elementor-setting-key=\"infocard_description\" data-elementor-inline-editing-toolbar=\"advanced\">\n\t\t\t\t\t<p><span style=\"font-size: 15px\">Vous avez une question concernant une r\u00e9paration ou vous vous demandez si votre appareil est r\u00e9cup\u00e9rable ?<\/span><br data-start=\"310\" data-end=\"313\" style=\"font-size: 15px\"><span data-start=\"313\" data-end=\"331\" style=\"font-weight: 700;font-size: 15px\">Parlez-nous !<\/span><span style=\"font-size: 15px\">&nbsp;Nous sommes heureux de vous aider en vous donnant des conseils honn\u00eates et une r\u00e9ponse rapide.<\/span><br data-start=\"399\" data-end=\"402\" style=\"font-size: 15px\"><span style=\"font-size: 15px\">Contact&nbsp;<\/span><span data-start=\"413\" data-end=\"450\" style=\"font-weight: 700;font-size: 15px\">DiLuMa Technics dans la r\u00e9gion d'Ostende<\/span><span style=\"font-size: 15px\">&nbsp;via e-mail of Facebook<\/span><\/p>\t\t\t\t<\/div>\n\t\t\t\t\t\t\t<\/div>\n\t\t<\/div>\n\n\t\t\t\t\t\t<\/div>\n\t\t\t\t<\/div>\n\t\t\t\t<div class=\"elementor-element elementor-element-466fc8c elementor-align-center elementor-widget elementor-widget-button\" data-id=\"466fc8c\" data-element_type=\"widget\" data-widget_type=\"button.default\">\n\t\t\t\t<div class=\"elementor-widget-container\">\n\t\t\t\t\t\t\t\t\t<div class=\"elementor-button-wrapper\">\n\t\t\t\t\t<a class=\"elementor-button elementor-button-link elementor-size-sm\" href=\"https:\/\/diluma.be\/fr\/contact\/\">\n\t\t\t\t\t\t<span class=\"elementor-button-content-wrapper\">\n\t\t\t\t\t\t\t\t\t<span class=\"elementor-button-text\">Prendre contact<\/span>\n\t\t\t\t\t<\/span>\n\t\t\t\t\t<\/a>\n\t\t\t\t<\/div>\n\t\t\t\t\t\t\t\t<\/div>\n\t\t\t\t<\/div>\n\t\t\t\t<\/div>\n\t\t\t\t\t<\/div>\n\t\t\t\t<\/div>\n\t\t\t\t<\/div>","protected":false},"excerpt":{"rendered":"<p>Services Smart Toestellen Smartphones, Tablets &amp; Smartwatches Bij DiLuMa Technics kan u terecht voor het herstellen van smartphones, tablets en smartwatches van onder andere Apple, Samsung en Android-toestellen. Wij voeren schermherstellingen, batterijvervangingen, laadproblemen, softwareherstellingen en algemene diagnoses uit. Of het nu gaat om een gebarsten scherm, een toestel dat niet meer oplaadt of een smartwatch [&hellip;]<\/p>","protected":false},"author":1,"featured_media":0,"parent":0,"menu_order":0,"comment_status":"closed","ping_status":"closed","template":"","meta":{"site-sidebar-layout":"no-sidebar","site-content-layout":"page-builder","ast-site-content-layout":"default","site-content-style":"default","site-sidebar-style":"default","ast-global-header-display":"","ast-banner-title-visibility":"","ast-main-header-display":"","ast-hfb-above-header-display":"","ast-hfb-below-header-display":"","ast-hfb-mobile-header-display":"","site-post-title":"disabled","ast-breadcrumbs-content":"","ast-featured-img":"disabled","footer-sml-layout":"","ast-disable-related-posts":"","theme-transparent-header-meta":"enabled","adv-header-id-meta":"","stick-header-meta":"","header-above-stick-meta":"","header-main-stick-meta":"","header-below-stick-meta":"","astra-migrate-meta-layouts":"default","ast-page-background-enabled":"default","ast-page-background-meta":{"desktop":{"background-color":"var(--ast-global-color-4)","background-image":"","background-repeat":"repeat","background-position":"center center","background-size":"auto","background-attachment":"scroll","background-type":"","background-media":"","overlay-type":"","overlay-color":"","overlay-opacity":"","overlay-gradient":""},"tablet":{"background-color":"","background-image":"","background-repeat":"repeat","background-position":"center center","background-size":"auto","background-attachment":"scroll","background-type":"","background-media":"","overlay-type":"","overlay-color":"","overlay-opacity":"","overlay-gradient":""},"mobile":{"background-color":"","background-image":"","background-repeat":"repeat","background-position":"center center","background-size":"auto","background-attachment":"scroll","background-type":"","background-media":"","overlay-type":"","overlay-color":"","overlay-opacity":"","overlay-gradient":""}},"ast-content-background-meta":{"desktop":{"background-color":"var(--ast-global-color-5)","background-image":"","background-repeat":"repeat","background-position":"center center","background-size":"auto","background-attachment":"scroll","background-type":"","background-media":"","overlay-type":"","overlay-color":"","overlay-opacity":"","overlay-gradient":""},"tablet":{"background-color":"var(--ast-global-color-5)","background-image":"","background-repeat":"repeat","background-position":"center center","background-size":"auto","background-attachment":"scroll","background-type":"","background-media":"","overlay-type":"","overlay-color":"","overlay-opacity":"","overlay-gradient":""},"mobile":{"background-color":"var(--ast-global-color-5)","background-image":"","background-repeat":"repeat","background-position":"center center","background-size":"auto","background-attachment":"scroll","background-type":"","background-media":"","overlay-type":"","overlay-color":"","overlay-opacity":"","overlay-gradient":""}},"footnotes":""},"class_list":["post-2317","page","type-page","status-publish","hentry"],"_links":{"self":[{"href":"https:\/\/diluma.be\/fr\/wp-json\/wp\/v2\/pages\/2317","targetHints":{"allow":["GET"]}}],"collection":[{"href":"https:\/\/diluma.be\/fr\/wp-json\/wp\/v2\/pages"}],"about":[{"href":"https:\/\/diluma.be\/fr\/wp-json\/wp\/v2\/types\/page"}],"author":[{"embeddable":true,"href":"https:\/\/diluma.be\/fr\/wp-json\/wp\/v2\/users\/1"}],"replies":[{"embeddable":true,"href":"https:\/\/diluma.be\/fr\/wp-json\/wp\/v2\/comments?post=2317"}],"version-history":[{"count":24,"href":"https:\/\/diluma.be\/fr\/wp-json\/wp\/v2\/pages\/2317\/revisions"}],"predecessor-version":[{"id":2512,"href":"https:\/\/diluma.be\/fr\/wp-json\/wp\/v2\/pages\/2317\/revisions\/2512"}],"wp:attachment":[{"href":"https:\/\/diluma.be\/fr\/wp-json\/wp\/v2\/media?parent=2317"}],"curies":[{"name":"wp","href":"https:\/\/api.w.org\/{rel}","templated":true}]}}